{"id":45,"date":"2016-01-29T20:52:42","date_gmt":"2016-01-29T19:52:42","guid":{"rendered":"http:\/\/mathilde.digidrom.eu\/?page_id=45"},"modified":"2016-03-17T16:29:14","modified_gmt":"2016-03-17T15:29:14","slug":"vita","status":"publish","type":"page","link":"https:\/\/mathilde.digidrom.eu\/fr\/vita\/","title":{"rendered":"Profil"},"content":{"rendered":"<p><\/p>\n<div class=\"main\">\n<div class=\"left\">Mathilde Grebot a \u00e9tudi\u00e9 \u00e0 l&rsquo;Universit\u00e9 d&rsquo;Arts Plastiques de Saint Etienne puis pass\u00e9 le Diplome des M\u00e9tiers d&rsquo;Arts de costumier \u00e0 la Martini\u00e8re Diderot \u00e0 Lyon. Depuis 2006, elle vit en Allemagne et travaille comme costumi\u00e8re pour l&rsquo;op\u00e9ra, le th\u00e9\u00e2tre et des com\u00e9dies musicales.<\/div>\n<div class=\"left\"><\/div>\n<div class=\"right\"><img loading=\"lazy\" class=\"alignnone size-medium wp-image-781\" src=\"http:\/\/mathilde.digidrom.eu\/wp-content\/uploads\/Mathilde-Grebot_14_15_004-200x300.jpg\" alt=\"Mathilde Grebot_14_15_004\" width=\"200\" height=\"300\" srcset=\"https:\/\/mathilde.digidrom.eu\/wp-content\/uploads\/Mathilde-Grebot_14_15_004-200x301.jpg 200w, https:\/\/mathilde.digidrom.eu\/wp-content\/uploads\/Mathilde-Grebot_14_15_004-682x1024.jpg 682w, https:\/\/mathilde.digidrom.eu\/wp-content\/uploads\/Mathilde-Grebot_14_15_004-420x631.jpg 420w, https:\/\/mathilde.digidrom.eu\/wp-content\/uploads\/Mathilde-Grebot_14_15_004-135x203.jpg 135w, https:\/\/mathilde.digidrom.eu\/wp-content\/uploads\/Mathilde-Grebot_14_15_004-434x652.jpg 434w, https:\/\/mathilde.digidrom.eu\/wp-content\/uploads\/Mathilde-Grebot_14_15_004-113x170.jpg 113w, https:\/\/mathilde.digidrom.eu\/wp-content\/uploads\/Mathilde-Grebot_14_15_004-77x115.jpg 77w, https:\/\/mathilde.digidrom.eu\/wp-content\/uploads\/Mathilde-Grebot_14_15_004-166x250.jpg 166w, https:\/\/mathilde.digidrom.eu\/wp-content\/uploads\/Mathilde-Grebot_14_15_004-200x301@2x.jpg 400w, https:\/\/mathilde.digidrom.eu\/wp-content\/uploads\/Mathilde-Grebot_14_15_004-682x1024@2x.jpg 1364w, https:\/\/mathilde.digidrom.eu\/wp-content\/uploads\/Mathilde-Grebot_14_15_004-420x631@2x.jpg 840w, https:\/\/mathilde.digidrom.eu\/wp-content\/uploads\/Mathilde-Grebot_14_15_004-135x203@2x.jpg 270w, https:\/\/mathilde.digidrom.eu\/wp-content\/uploads\/Mathilde-Grebot_14_15_004-434x652@2x.jpg 868w, https:\/\/mathilde.digidrom.eu\/wp-content\/uploads\/Mathilde-Grebot_14_15_004-113x170@2x.jpg 226w, https:\/\/mathilde.digidrom.eu\/wp-content\/uploads\/Mathilde-Grebot_14_15_004-77x115@2x.jpg 154w\" sizes=\"(max-width: 200px) 100vw, 200px\" \/><\/div>\n<\/div>\n<p><\/p>","protected":false},"excerpt":{"rendered":"<p>Mathilde Grebot a \u00e9tudi\u00e9 \u00e0 l&rsquo;Universit\u00e9 d&rsquo;Arts Plastiques de Saint Etienne puis pass\u00e9 le Diplome des M\u00e9tiers d&rsquo;Arts de costumier \u00e0 la Martini\u00e8re Diderot \u00e0 Lyon. Depuis 2006, elle vit en Allemagne et travaille comme costumi\u00e8re pour l&rsquo;op\u00e9ra, le th\u00e9\u00e2tre et des com\u00e9dies musicales.<\/p>\n","protected":false},"author":1,"featured_media":0,"parent":0,"menu_order":0,"comment_status":"closed","ping_status":"closed","template":"page-templates\/full-width.php","meta":[],"_links":{"self":[{"href":"https:\/\/mathilde.digidrom.eu\/fr\/wp-json\/wp\/v2\/pages\/45"}],"collection":[{"href":"https:\/\/mathilde.digidrom.eu\/fr\/wp-json\/wp\/v2\/pages"}],"about":[{"href":"https:\/\/mathilde.digidrom.eu\/fr\/wp-json\/wp\/v2\/types\/page"}],"author":[{"embeddable":true,"href":"https:\/\/mathilde.digidrom.eu\/fr\/wp-json\/wp\/v2\/users\/1"}],"replies":[{"embeddable":true,"href":"https:\/\/mathilde.digidrom.eu\/fr\/wp-json\/wp\/v2\/comments?post=45"}],"version-history":[{"count":10,"href":"https:\/\/mathilde.digidrom.eu\/fr\/wp-json\/wp\/v2\/pages\/45\/revisions"}],"predecessor-version":[{"id":799,"href":"https:\/\/mathilde.digidrom.eu\/fr\/wp-json\/wp\/v2\/pages\/45\/revisions\/799"}],"wp:attachment":[{"href":"https:\/\/mathilde.digidrom.eu\/fr\/wp-json\/wp\/v2\/media?parent=45"}],"curies":[{"name":"wp","href":"https:\/\/api.w.org\/{rel}","templated":true}]}}